{"id":6928,"date":"2025-08-20T20:58:21","date_gmt":"2025-08-20T20:58:21","guid":{"rendered":"https:\/\/civisinvest.org\/?page_id=6928"},"modified":"2025-08-21T06:48:08","modified_gmt":"2025-08-21T06:48:08","slug":"despre-noi","status":"publish","type":"page","link":"https:\/\/civisinvest.org\/?page_id=6928","title":{"rendered":"Despre noi"},"content":{"rendered":"<h3 data-start=\"171\" data-end=\"187\">Cine suntem<\/h3>\n<p data-start=\"188\" data-end=\"517\">Asocia\u021bia Ob\u0219teasc\u0103 <strong data-start=\"208\" data-end=\"224\">Civis Invest<\/strong> este o organiza\u021bie non-guvernamental\u0103 din Republica Moldova, dedicat\u0103 promov\u0103rii leadershipului feminin, bunei guvern\u0103ri \u0219i dezvolt\u0103rii comunit\u0103\u021bilor. Credem c\u0103 schimbarea \u00eencepe prin oameni implica\u021bi, responsabili \u0219i motiva\u021bi s\u0103 construiasc\u0103 o societate mai transparent\u0103 \u0219i mai echitabil\u0103.<\/p>\n<h3 data-start=\"519\" data-end=\"540\">Misiunea noastr\u0103<\/h3>\n<p data-start=\"541\" data-end=\"879\">Ne propunem s\u0103 sus\u021binem ini\u021biativele care contribuie la consolidarea democra\u021biei, la participarea activ\u0103 a cet\u0103\u021benilor \u0219i la respectarea principiilor de responsabilitate \u0219i integritate. Prin proiectele noastre, investim \u00een oameni \u0219i \u00een comunit\u0103\u021bi, oferind oportunit\u0103\u021bi de formare, instruire \u0219i implicare activ\u0103 \u00een procesele decizionale.<\/p>\n<h3 data-start=\"881\" data-end=\"894\">Ce facem<\/h3>\n<p data-start=\"895\" data-end=\"930\">Activitatea noastr\u0103 se axeaz\u0103 pe:<\/p>\n<ul data-start=\"931\" data-end=\"1354\">\n<li data-start=\"931\" data-end=\"1060\">\n<p data-start=\"933\" data-end=\"1060\">Dezvoltarea programelor de leadership pentru femei, oferindu-le suport \u0219i resurse pentru a deveni lideri \u00een comunit\u0103\u021bile lor.<\/p>\n<\/li>\n<li data-start=\"1061\" data-end=\"1208\">\n<p data-start=\"1063\" data-end=\"1208\">Organizarea de instruiri \u0219i ateliere \u00een domenii precum planificarea strategic\u0103, buna guvernare, achizi\u021biile transparente \u0219i analiza riscurilor.<\/p>\n<\/li>\n<li data-start=\"1209\" data-end=\"1354\">\n<p data-start=\"1211\" data-end=\"1354\">Crearea de parteneriate durabile cu donatori, organiza\u021bii interna\u021bionale \u0219i autorit\u0103\u021bi locale, pentru a transforma ideile \u00een rezultate reale.<\/p>\n<\/li>\n<\/ul>\n<h3 data-start=\"1356\" data-end=\"1377\">Valorile noastre<\/h3>\n<ul data-start=\"1378\" data-end=\"1681\">\n<li data-start=\"1378\" data-end=\"1447\">\n<p data-start=\"1380\" data-end=\"1447\"><strong data-start=\"1380\" data-end=\"1396\">Transparen\u021b\u0103<\/strong> \u2013 gestion\u0103m responsabil resursele \u0219i proiectele.<\/p>\n<\/li>\n<li data-start=\"1448\" data-end=\"1517\">\n<p data-start=\"1450\" data-end=\"1517\"><strong data-start=\"1450\" data-end=\"1465\">Parteneriat<\/strong> \u2013 colabor\u0103m deschis cu organiza\u021bii \u0219i comunit\u0103\u021bi.<\/p>\n<\/li>\n<li data-start=\"1518\" data-end=\"1607\">\n<p data-start=\"1520\" data-end=\"1607\"><strong data-start=\"1520\" data-end=\"1534\">Incluziune<\/strong> \u2013 sprijinim participarea tuturor, indiferent de gen sau statut social.<\/p>\n<\/li>\n<li data-start=\"1608\" data-end=\"1681\">\n<p data-start=\"1610\" data-end=\"1681\"><strong data-start=\"1610\" data-end=\"1622\">Inova\u021bie<\/strong> \u2013 g\u0103sim solu\u021bii adaptate nevoilor reale ale comunit\u0103\u021bii.<\/p>\n<\/li>\n<\/ul>\n<h3 data-start=\"1683\" data-end=\"1710\">\u00cempreun\u0103 pentru viitor<\/h3>\n<p data-start=\"1711\" data-end=\"1932\">La <strong data-start=\"1714\" data-end=\"1730\">Civis Invest<\/strong>, fiecare proiect este o oportunitate de a aduce schimbare. Suntem convin\u0219i c\u0103 prin colaborare, implicare civic\u0103 \u0219i responsabilitate, putem construi un viitor mai echitabil \u0219i mai prosper pentru to\u021bi.<\/p>\n","protected":false},"excerpt":{"rendered":"<p>Cine suntem Asocia\u021bia Ob\u0219teasc\u0103 Civis Invest este o organiza\u021bie non-guvernamental\u0103 din Republica Moldova, dedicat\u0103 promov\u0103rii leadershipului feminin, bunei guvern\u0103ri \u0219i dezvolt\u0103rii comunit\u0103\u021bilor. Credem c\u0103 schimbarea \u00eencepe prin oameni implica\u021bi, responsabili \u0219i motiva\u021bi s\u0103 construiasc\u0103 o societate mai transparent\u0103 \u0219i mai echitabil\u0103. Misiunea noastr\u0103 Ne propunem s\u0103 sus\u021binem ini\u021biativele care contribuie la consolidarea democra\u021biei, la participarea<\/p>\n","protected":false},"author":1,"featured_media":0,"parent":0,"menu_order":0,"comment_status":"closed","ping_status":"closed","template":"","meta":{"footnotes":""},"class_list":["post-6928","page","type-page","status-publish"],"_links":{"self":[{"href":"https:\/\/civisinvest.org\/index.php?rest_route=\/wp\/v2\/pages\/6928","targetHints":{"allow":["GET"]}}],"collection":[{"href":"https:\/\/civisinvest.org\/index.php?rest_route=\/wp\/v2\/pages"}],"about":[{"href":"https:\/\/civisinvest.org\/index.php?rest_route=\/wp\/v2\/types\/page"}],"author":[{"embeddable":true,"href":"https:\/\/civisinvest.org\/index.php?rest_route=\/wp\/v2\/users\/1"}],"replies":[{"embeddable":true,"href":"https:\/\/civisinvest.org\/index.php?rest_route=%2Fwp%2Fv2%2Fcomments&post=6928"}],"version-history":[{"count":4,"href":"https:\/\/civisinvest.org\/index.php?rest_route=\/wp\/v2\/pages\/6928\/revisions"}],"predecessor-version":[{"id":7084,"href":"https:\/\/civisinvest.org\/index.php?rest_route=\/wp\/v2\/pages\/6928\/revisions\/7084"}],"wp:attachment":[{"href":"https:\/\/civisinvest.org\/index.php?rest_route=%2Fwp%2Fv2%2Fmedia&parent=6928"}],"curies":[{"name":"wp","href":"https:\/\/api.w.org\/{rel}","templated":true}]}}