{"id":9045,"date":"2025-08-20T20:58:49","date_gmt":"2025-08-20T20:58:49","guid":{"rendered":"https:\/\/civisinvest.org\/?page_id=9045"},"modified":"2026-03-24T10:26:28","modified_gmt":"2026-03-24T10:26:28","slug":"ongoing-projects","status":"publish","type":"page","link":"https:\/\/civisinvest.org\/?page_id=9045&lang=en","title":{"rendered":"Ongoing Projects"},"content":{"rendered":"\t\t<div data-elementor-type=\"wp-page\" data-elementor-id=\"9045\" class=\"elementor elementor-9045 elementor-6930\">\n\t\t\t\t\t\t<section class=\"has-el-gap el-gap-default elementor-section elementor-top-section elementor-element elementor-element-d90584c elementor-section-boxed elementor-section-height-default elementor-section-height-default\" data-id=\"d90584c\" data-element_type=\"section\">\n\t\t\t\t\t\t<div class=\"elementor-container elementor-column-gap-no\">\n\t\t\t\t\t<div class=\"elementor-column elementor-col-100 elementor-top-column elementor-element elementor-element-40a7f2d\" data-id=\"40a7f2d\" data-element_type=\"column\">\n\t\t\t<div class=\"elementor-widget-wrap elementor-element-populated\">\n\t\t\t\t\t\t<div class=\"elementor-element elementor-element-66fe41c elementor-widget elementor-widget-heading\" data-id=\"66fe41c\" data-element_type=\"widget\" data-widget_type=\"heading.default\">\n\t\t\t\t\t<h2 class=\"elementor-heading-title elementor-size-default\">Ongoing Projects<\/h2>\t\t\t\t<\/div>\n\t\t\t\t\t<\/div>\n\t\t<\/div>\n\t\t\t\t\t<\/div>\n\t\t<\/section>\n\t\t\t\t<section class=\"has-el-gap el-gap-default elementor-section elementor-top-section elementor-element elementor-element-15aaa5c elementor-section-boxed elementor-section-height-default elementor-section-height-default\" data-id=\"15aaa5c\" data-element_type=\"section\">\n\t\t\t\t\t\t<div class=\"elementor-container elementor-column-gap-no\">\n\t\t\t\t\t<div class=\"elementor-column elementor-col-100 elementor-top-column elementor-element elementor-element-16c584d\" data-id=\"16c584d\" data-element_type=\"column\">\n\t\t\t<div class=\"elementor-widget-wrap elementor-element-populated\">\n\t\t\t\t\t\t<div class=\"elementor-element elementor-element-4deb639 elementor-widget elementor-widget-smartmag-postslist\" data-id=\"4deb639\" data-element_type=\"widget\" data-widget_type=\"smartmag-postslist.default\">\n\t\t\t\t<div class=\"elementor-widget-container\">\n\t\t\t\t\t\t\t<section class=\"block-wrap block-posts-list block-sc\" data-id=\"1\" data-block=\"{&quot;id&quot;:&quot;posts-list&quot;,&quot;props&quot;:{&quot;cat_labels&quot;:&quot;&quot;,&quot;cat_labels_pos&quot;:&quot;bot-left&quot;,&quot;reviews&quot;:&quot;barss&quot;,&quot;post_formats_pos&quot;:&quot;center&quot;,&quot;load_more_style&quot;:&quot;c&quot;,&quot;meta_cat_style&quot;:&quot;text&quot;,&quot;media_style_shadow&quot;:0,&quot;meta_sponsor&quot;:1,&quot;meta_sponsor_logo&quot;:0,&quot;meta_sponsor_label&quot;:&quot;Sponsor: {sponsor}&quot;,&quot;meta_above&quot;:[&quot;cat&quot;,&quot;date&quot;],&quot;meta_below&quot;:[],&quot;meta_sponsor_above&quot;:[],&quot;meta_sponsor_below&quot;:[&quot;sponsor&quot;,&quot;date&quot;],&quot;media_ratio&quot;:&quot;custom&quot;,&quot;media_ratio_custom&quot;:&quot;1.575&quot;,&quot;media_width&quot;:25,&quot;read_more&quot;:&quot;none&quot;,&quot;posts&quot;:8,&quot;pagination&quot;:&quot;1&quot;,&quot;columns&quot;:&quot;1&quot;,&quot;excerpt_length&quot;:50,&quot;container_width&quot;:100,&quot;pagination_links&quot;:null,&quot;meta_sponsor_items_default&quot;:true,&quot;query_type&quot;:&quot;custom&quot;,&quot;sort_days&quot;:null,&quot;is_sc_call&quot;:true,&quot;meta_items_default&quot;:true}}\">\n\n\t\t\t\t\n\t\t\t<div class=\"block-content\">\n\t\t\t\t\t\n\t<div class=\"loop loop-list loop-sep loop-list-sep grid grid-1 md:grid-1 sm:grid-1\">\n\n\t\t\t\t\n\t\t\t\n<article class=\"l-post list-post list-post-on-sm m-pos-left\">\n\n\t\n\t\t\t<div class=\"media\">\n\n\t\t\n\t\t\t<a href=\"https:\/\/civisinvest.org\/?p=7781\" class=\"image-link media-ratio ratio-is-custom\" title=\"\u00cempreun\u0103 pentru o societate civil\u0103 rezilient\u0103\"><img fetchpriority=\"high\" decoding=\"async\" width=\"292\" height=\"185\" src=\"https:\/\/civisinvest.org\/wp-content\/uploads\/2026\/03\/31-300x169.jpg\" class=\"attachment-medium size-medium wp-post-image\" alt=\"\" sizes=\"(max-width: 292px) 100vw, 292px\" title=\"\u00cempreun\u0103 pentru o societate civil\u0103 rezilient\u0103\" srcset=\"https:\/\/civisinvest.org\/wp-content\/uploads\/2026\/03\/31-1024x576.jpg 1024w, https:\/\/civisinvest.org\/wp-content\/uploads\/2026\/03\/31-768x432.jpg 768w, https:\/\/civisinvest.org\/wp-content\/uploads\/2026\/03\/31-1536x864.jpg 1536w, https:\/\/civisinvest.org\/wp-content\/uploads\/2026\/03\/31-450x253.jpg 450w, https:\/\/civisinvest.org\/wp-content\/uploads\/2026\/03\/31-1200x675.jpg 1200w, https:\/\/civisinvest.org\/wp-content\/uploads\/2026\/03\/31.jpg 2048w\" \/><\/a>\t\t\t\n\t\t\t\n\t\t\t\n\t\t\t\n\t\t\n\t\t<\/div>\n\t\n\n\t\n\t\t<div class=\"content\">\n\n\t\t\t<div class=\"post-meta post-meta-a\"><div class=\"post-meta-items meta-above\"><span class=\"meta-item post-cat\">\n\t\t\t\t\t\t\n\t\t\t\t\t\t<a href=\"https:\/\/civisinvest.org\/?cat=46\" class=\"category term-color-46\" rel=\"category\">Noutati<\/a>\n\t\t\t\t\t<\/span>\n\t\t\t\t\t<span class=\"meta-item date\"><span class=\"date-link\"><time class=\"post-date\" datetime=\"2026-03-19T05:58:23+00:00\">martie 19, 2026<\/time><\/span><\/span><\/div><h2 class=\"is-title post-title\"><a href=\"https:\/\/civisinvest.org\/?p=7781\">\u00cempreun\u0103 pentru o societate civil\u0103 rezilient\u0103<\/a><\/h2><\/div>\t\t\t\n\t\t\t\t\t\t\n\t\t\t\t<div class=\"excerpt\">\n\t\t\t\t\t<p>Suntem onora\u021bi c\u0103 am f\u0103cut parte din proiectul \u201eRezilien\u021ba societ\u0103\u021bii civile \u00een \u021b\u0103rile Parteneriatului Estic\u201d. Mul\u021bumim echipei People in Need Moldova \u0219i partenerilor pentru implicare.<\/p>\n\t\t\t\t<\/div>\n\t\t\t\n\t\t\t\n\t\t\t\n\t\t<\/div>\n\n\t\n<\/article>\n\t\t\t\t\n\t\t\t\n<article class=\"l-post list-post list-post-on-sm m-pos-left\">\n\n\t\n\t\t\t<div class=\"media\">\n\n\t\t\n\t\t\t<a href=\"https:\/\/civisinvest.org\/?p=7776\" class=\"image-link media-ratio ratio-is-custom\" title=\"A.O. CIVIS INVEST a donat 10 calculatoare Gimnaziului \u201eGrigore Vieru\u201d din Orhei\"><img decoding=\"async\" width=\"292\" height=\"185\" src=\"https:\/\/civisinvest.org\/wp-content\/uploads\/2026\/03\/9-300x240.jpg\" class=\"attachment-medium size-medium wp-post-image\" alt=\"\" sizes=\"(max-width: 292px) 100vw, 292px\" title=\"A.O. CIVIS INVEST a donat 10 calculatoare Gimnaziului \u201eGrigore Vieru\u201d din Orhei\" srcset=\"https:\/\/civisinvest.org\/wp-content\/uploads\/2026\/03\/9-300x240.jpg 300w, https:\/\/civisinvest.org\/wp-content\/uploads\/2026\/03\/9-1024x820.jpg 1024w, https:\/\/civisinvest.org\/wp-content\/uploads\/2026\/03\/9-768x615.jpg 768w, https:\/\/civisinvest.org\/wp-content\/uploads\/2026\/03\/9-1536x1230.jpg 1536w, https:\/\/civisinvest.org\/wp-content\/uploads\/2026\/03\/9-450x360.jpg 450w, https:\/\/civisinvest.org\/wp-content\/uploads\/2026\/03\/9-1200x961.jpg 1200w, https:\/\/civisinvest.org\/wp-content\/uploads\/2026\/03\/9.jpg 1599w\" \/><\/a>\t\t\t\n\t\t\t\n\t\t\t\n\t\t\t\n\t\t\n\t\t<\/div>\n\t\n\n\t\n\t\t<div class=\"content\">\n\n\t\t\t<div class=\"post-meta post-meta-a\"><div class=\"post-meta-items meta-above\"><span class=\"meta-item post-cat\">\n\t\t\t\t\t\t\n\t\t\t\t\t\t<a href=\"https:\/\/civisinvest.org\/?cat=46\" class=\"category term-color-46\" rel=\"category\">Noutati<\/a>\n\t\t\t\t\t<\/span>\n\t\t\t\t\t<span class=\"meta-item date\"><span class=\"date-link\"><time class=\"post-date\" datetime=\"2025-12-24T05:53:05+00:00\">decembrie 24, 2025<\/time><\/span><\/span><\/div><h2 class=\"is-title post-title\"><a href=\"https:\/\/civisinvest.org\/?p=7776\">A.O. CIVIS INVEST a donat 10 calculatoare Gimnaziului \u201eGrigore Vieru\u201d din Orhei<\/a><\/h2><\/div>\t\t\t\n\t\t\t\t\t\t\n\t\t\t\t<div class=\"excerpt\">\n\t\t\t\t\t<p>A.O. CIVIS INVEST, \u00een parteneriat cu Asocia\u021bia Ob\u0219teasc\u0103 de Binefacere \u201eNU M\u0102 UITA\u201d, a donat 10 calculatoare Gimnaziului \u201eGrigore Vieru\u201d din cartierul Slobozia-Doamnei, mun. Orhei Orhei, 24 decembrie 2025 \u2014 A.O. CIVIS INVEST, a oferit o dona\u021bie de 10 calculatoare Gimnaziului \u201eGrigore Vieru\u201d din cartierul Slobozia-Doamnei (cartier cu popula\u021bie rom\u0103),&hellip;<\/p>\n\t\t\t\t<\/div>\n\t\t\t\n\t\t\t\n\t\t\t\n\t\t<\/div>\n\n\t\n<\/article>\n\t\t\t\t\n\t\t\t\n<article class=\"l-post list-post list-post-on-sm m-pos-left\">\n\n\t\n\t\t\t<div class=\"media\">\n\n\t\t\n\t\t\t<a href=\"https:\/\/civisinvest.org\/?p=7771\" class=\"image-link media-ratio ratio-is-custom\" title=\"Dezvolt\u0103m comunicarea organiza\u021bional\u0103 pentru a fi mai aproape de comunitate\"><img decoding=\"async\" width=\"292\" height=\"185\" src=\"https:\/\/civisinvest.org\/wp-content\/uploads\/2026\/03\/5-300x169.jpg\" class=\"attachment-medium size-medium wp-post-image\" alt=\"\" sizes=\"(max-width: 292px) 100vw, 292px\" title=\"Dezvolt\u0103m comunicarea organiza\u021bional\u0103 pentru a fi mai aproape de comunitate\" srcset=\"https:\/\/civisinvest.org\/wp-content\/uploads\/2026\/03\/5-1024x576.jpg 1024w, https:\/\/civisinvest.org\/wp-content\/uploads\/2026\/03\/5-768x432.jpg 768w, https:\/\/civisinvest.org\/wp-content\/uploads\/2026\/03\/5-1536x864.jpg 1536w, https:\/\/civisinvest.org\/wp-content\/uploads\/2026\/03\/5-450x253.jpg 450w, https:\/\/civisinvest.org\/wp-content\/uploads\/2026\/03\/5-1200x675.jpg 1200w, https:\/\/civisinvest.org\/wp-content\/uploads\/2026\/03\/5.jpg 1600w\" \/><\/a>\t\t\t\n\t\t\t\n\t\t\t\n\t\t\t\n\t\t\n\t\t<\/div>\n\t\n\n\t\n\t\t<div class=\"content\">\n\n\t\t\t<div class=\"post-meta post-meta-a\"><div class=\"post-meta-items meta-above\"><span class=\"meta-item post-cat\">\n\t\t\t\t\t\t\n\t\t\t\t\t\t<a href=\"https:\/\/civisinvest.org\/?cat=46\" class=\"category term-color-46\" rel=\"category\">Noutati<\/a>\n\t\t\t\t\t<\/span>\n\t\t\t\t\t<span class=\"meta-item date\"><span class=\"date-link\"><time class=\"post-date\" datetime=\"2025-12-11T05:34:14+00:00\">decembrie 11, 2025<\/time><\/span><\/span><\/div><h2 class=\"is-title post-title\"><a href=\"https:\/\/civisinvest.org\/?p=7771\">Dezvolt\u0103m comunicarea organiza\u021bional\u0103 pentru a fi mai aproape de comunitate<\/a><\/h2><\/div>\t\t\t\n\t\t\t\t\t\t\n\t\t\t\t<div class=\"excerpt\">\n\t\t\t\t\t<p>Ieri, 10 decembrie, membrii echipei noastre au participat la o sesiune din Programul de capacitare \u00een responsabilizare social\u0103 \u00een s\u0103n\u0103tate, dedicat\u0103 comunic\u0103rii organiza\u021bionale. \u00cen cadrul instruirii am discutat despre cum s\u0103 transmitem mesaje clare \u0219i cum s\u0103 promov\u0103m ac\u021biunile noastre astfel \u00eenc\u00e2t s\u0103 ajung\u0103 la comunitate \u0219i parteneri. Sesiunea face&hellip;<\/p>\n\t\t\t\t<\/div>\n\t\t\t\n\t\t\t\n\t\t\t\n\t\t<\/div>\n\n\t\n<\/article>\n\t\t\t\t\n\t\t\t\n<article class=\"l-post list-post list-post-on-sm m-pos-left\">\n\n\t\n\t\t\t<div class=\"media\">\n\n\t\t\n\t\t\t<a href=\"https:\/\/civisinvest.org\/?p=7765\" class=\"image-link media-ratio ratio-is-custom\" title=\"Consolidarea cooper\u0103rii regionale: participarea noastr\u0103 la evenimentul din Erevan\"><img loading=\"lazy\" decoding=\"async\" width=\"292\" height=\"185\" src=\"https:\/\/civisinvest.org\/wp-content\/uploads\/2026\/03\/1-300x200.jpg\" class=\"attachment-medium size-medium wp-post-image\" alt=\"\" sizes=\"(max-width: 292px) 100vw, 292px\" title=\"Consolidarea cooper\u0103rii regionale: participarea noastr\u0103 la evenimentul din Erevan\" srcset=\"https:\/\/civisinvest.org\/wp-content\/uploads\/2026\/03\/1-300x200.jpg 300w, https:\/\/civisinvest.org\/wp-content\/uploads\/2026\/03\/1-1024x683.jpg 1024w, https:\/\/civisinvest.org\/wp-content\/uploads\/2026\/03\/1-768x512.jpg 768w, https:\/\/civisinvest.org\/wp-content\/uploads\/2026\/03\/1-1536x1024.jpg 1536w, https:\/\/civisinvest.org\/wp-content\/uploads\/2026\/03\/1-150x100.jpg 150w, https:\/\/civisinvest.org\/wp-content\/uploads\/2026\/03\/1-450x300.jpg 450w, https:\/\/civisinvest.org\/wp-content\/uploads\/2026\/03\/1-1200x800.jpg 1200w, https:\/\/civisinvest.org\/wp-content\/uploads\/2026\/03\/1.jpg 2048w\" \/><\/a>\t\t\t\n\t\t\t\n\t\t\t\n\t\t\t\n\t\t\n\t\t<\/div>\n\t\n\n\t\n\t\t<div class=\"content\">\n\n\t\t\t<div class=\"post-meta post-meta-a\"><div class=\"post-meta-items meta-above\"><span class=\"meta-item post-cat\">\n\t\t\t\t\t\t\n\t\t\t\t\t\t<a href=\"https:\/\/civisinvest.org\/?cat=46\" class=\"category term-color-46\" rel=\"category\">Noutati<\/a>\n\t\t\t\t\t<\/span>\n\t\t\t\t\t<span class=\"meta-item date\"><span class=\"date-link\"><time class=\"post-date\" datetime=\"2025-12-01T05:31:25+00:00\">decembrie 1, 2025<\/time><\/span><\/span><\/div><h2 class=\"is-title post-title\"><a href=\"https:\/\/civisinvest.org\/?p=7765\">Consolidarea cooper\u0103rii regionale: participarea noastr\u0103 la evenimentul din Erevan<\/a><\/h2><\/div>\t\t\t\n\t\t\t\t\t\t\n\t\t\t\t<div class=\"excerpt\">\n\t\t\t\t\t<p>\u00centre 25 \u0219i 29 noiembrie 2025, echipa noastr\u0103 a avut onoarea de a participa la un eveniment de schimb de experien\u021b\u0103 \u0219i consolidare a cooper\u0103rii, organizat \u00een Erevan, Armenia, \u00een cadrul proiectului \u201eRezilien\u021ba Societ\u0103\u021bii Civile din Regiunea Parteneriatului Estic\u201d, implementat de People in Need. Am avut oportunitatea s\u0103 interac\u021bion\u0103m cu&hellip;<\/p>\n\t\t\t\t<\/div>\n\t\t\t\n\t\t\t\n\t\t\t\n\t\t<\/div>\n\n\t\n<\/article>\n\t\t\t\t\n\t\t\t\n<article class=\"l-post list-post list-post-on-sm m-pos-left\">\n\n\t\n\t\t\t<div class=\"media\">\n\n\t\t\n\t\t\t<a href=\"https:\/\/civisinvest.org\/?p=7342\" class=\"image-link media-ratio ratio-is-custom\" title=\"Sprijin Esen\u021bial pentru Comunitatea din Braviceni: Ajutor Umanitar Oferit de A.O. CIVIS INVEST\"><img loading=\"lazy\" decoding=\"async\" width=\"292\" height=\"185\" src=\"https:\/\/civisinvest.org\/wp-content\/uploads\/2025\/11\/581835223_766858853032566_8154253291307873942_n-1-225x300.jpg\" class=\"attachment-medium size-medium wp-post-image\" alt=\"\" sizes=\"(max-width: 292px) 100vw, 292px\" title=\"Sprijin Esen\u021bial pentru Comunitatea din Braviceni: Ajutor Umanitar Oferit de A.O. CIVIS INVEST\" srcset=\"https:\/\/civisinvest.org\/wp-content\/uploads\/2025\/11\/581835223_766858853032566_8154253291307873942_n-1-225x300.jpg 225w, https:\/\/civisinvest.org\/wp-content\/uploads\/2025\/11\/581835223_766858853032566_8154253291307873942_n-1-768x1024.jpg 768w, https:\/\/civisinvest.org\/wp-content\/uploads\/2025\/11\/581835223_766858853032566_8154253291307873942_n-1-1152x1536.jpg 1152w, https:\/\/civisinvest.org\/wp-content\/uploads\/2025\/11\/581835223_766858853032566_8154253291307873942_n-1-150x200.jpg 150w, https:\/\/civisinvest.org\/wp-content\/uploads\/2025\/11\/581835223_766858853032566_8154253291307873942_n-1-450x600.jpg 450w, https:\/\/civisinvest.org\/wp-content\/uploads\/2025\/11\/581835223_766858853032566_8154253291307873942_n-1.jpg 1200w\" \/><\/a>\t\t\t\n\t\t\t\n\t\t\t\n\t\t\t\n\t\t\n\t\t<\/div>\n\t\n\n\t\n\t\t<div class=\"content\">\n\n\t\t\t<div class=\"post-meta post-meta-a\"><div class=\"post-meta-items meta-above\"><span class=\"meta-item post-cat\">\n\t\t\t\t\t\t\n\t\t\t\t\t\t<a href=\"https:\/\/civisinvest.org\/?cat=46\" class=\"category term-color-46\" rel=\"category\">Noutati<\/a>\n\t\t\t\t\t<\/span>\n\t\t\t\t\t<span class=\"meta-item date\"><span class=\"date-link\"><time class=\"post-date\" datetime=\"2025-11-16T13:27:08+00:00\">noiembrie 16, 2025<\/time><\/span><\/span><\/div><h2 class=\"is-title post-title\"><a href=\"https:\/\/civisinvest.org\/?p=7342\">Sprijin Esen\u021bial pentru Comunitatea din Braviceni: Ajutor Umanitar Oferit de A.O. CIVIS INVEST<\/a><\/h2><\/div>\t\t\t\n\t\t\t\t\t\t\n\t\t\t\t<div class=\"excerpt\">\n\t\t\t\t\t<p>A.O. CIVIS INVEST a distribuit un lot consistent de ajutor umanitar \u00een satul Braviceni, r-nul Orhei A.O. CIVIS INVEST a furnizat recent un lot amplu de ajutor umanitar sub form\u0103 de articole vestimentare pentru locuitorii satului Braviceni din raionul Orhei. Ac\u021biunea face parte din eforturile organiza\u021biei de a sprijini comunit\u0103\u021bile&hellip;<\/p>\n\t\t\t\t<\/div>\n\t\t\t\n\t\t\t\n\t\t\t\n\t\t<\/div>\n\n\t\n<\/article>\n\t\t\t\t\n\t\t\t\n<article class=\"l-post list-post list-post-on-sm m-pos-left\">\n\n\t\n\t\t\t<div class=\"media\">\n\n\t\t\n\t\t\t<a href=\"https:\/\/civisinvest.org\/?p=7339\" class=\"image-link media-ratio ratio-is-custom\" title=\"\u00cempreun\u0103 pentru o \u00eemb\u0103tr\u00e2nire activ\u0103 \u0219i solidar\u0103 la Ungheni\"><img loading=\"lazy\" decoding=\"async\" width=\"292\" height=\"185\" src=\"https:\/\/civisinvest.org\/wp-content\/uploads\/2025\/11\/FB_IMG_1763450622421-300x225.jpg\" class=\"attachment-medium size-medium wp-post-image\" alt=\"\" sizes=\"(max-width: 292px) 100vw, 292px\" title=\"\u00cempreun\u0103 pentru o \u00eemb\u0103tr\u00e2nire activ\u0103 \u0219i solidar\u0103 la Ungheni\" srcset=\"https:\/\/civisinvest.org\/wp-content\/uploads\/2025\/11\/FB_IMG_1763450622421-300x225.jpg 300w, https:\/\/civisinvest.org\/wp-content\/uploads\/2025\/11\/FB_IMG_1763450622421-1024x768.jpg 1024w, https:\/\/civisinvest.org\/wp-content\/uploads\/2025\/11\/FB_IMG_1763450622421-768x576.jpg 768w, https:\/\/civisinvest.org\/wp-content\/uploads\/2025\/11\/FB_IMG_1763450622421-1536x1152.jpg 1536w, https:\/\/civisinvest.org\/wp-content\/uploads\/2025\/11\/FB_IMG_1763450622421-450x338.jpg 450w, https:\/\/civisinvest.org\/wp-content\/uploads\/2025\/11\/FB_IMG_1763450622421-1200x900.jpg 1200w, https:\/\/civisinvest.org\/wp-content\/uploads\/2025\/11\/FB_IMG_1763450622421.jpg 1600w\" \/><\/a>\t\t\t\n\t\t\t\n\t\t\t\n\t\t\t\n\t\t\n\t\t<\/div>\n\t\n\n\t\n\t\t<div class=\"content\">\n\n\t\t\t<div class=\"post-meta post-meta-a\"><div class=\"post-meta-items meta-above\"><span class=\"meta-item post-cat\">\n\t\t\t\t\t\t\n\t\t\t\t\t\t<a href=\"https:\/\/civisinvest.org\/?cat=46\" class=\"category term-color-46\" rel=\"category\">Noutati<\/a>\n\t\t\t\t\t<\/span>\n\t\t\t\t\t<span class=\"meta-item date\"><span class=\"date-link\"><time class=\"post-date\" datetime=\"2025-10-23T10:14:22+00:00\">octombrie 23, 2025<\/time><\/span><\/span><\/div><h2 class=\"is-title post-title\"><a href=\"https:\/\/civisinvest.org\/?p=7339\">\u00cempreun\u0103 pentru o \u00eemb\u0103tr\u00e2nire activ\u0103 \u0219i solidar\u0103 la Ungheni<\/a><\/h2><\/div>\t\t\t\n\t\t\t\t\t\t\n\t\t\t\t<div class=\"excerpt\">\n\t\t\t\t\t<p>\u00cempreun\u0103 pentru o \u00eemb\u0103tr\u00e2nire activ\u0103! \u00cen cadrul proiectului \u201eConexiuni la \u00een\u0103l\u021bime \u2013 Construim parteneriate durabile prin \u00eencredere \u0219i impact comun\u201d, am organizat un atelier dedicat promov\u0103rii \u00eemb\u0103tr\u00e2nirii active, al\u0103turi de seniorii din municipiul Ungheni. Activitatea a fost desf\u0103\u0219urat\u0103 \u00een parteneriat cu Clubul V\u00e2rstnicilor Ungheni, \u0219i a oferit un spa\u021biu de&hellip;<\/p>\n\t\t\t\t<\/div>\n\t\t\t\n\t\t\t\n\t\t\t\n\t\t<\/div>\n\n\t\n<\/article>\n\t\t\t\t\n\t\t\t\n<article class=\"l-post list-post list-post-on-sm m-pos-left\">\n\n\t\n\t\t\t<div class=\"media\">\n\n\t\t\n\t\t\t<a href=\"https:\/\/civisinvest.org\/?p=7337\" class=\"image-link media-ratio ratio-is-custom\" title=\"\u00cent\u00e2lnire de schimb de bune practici \u00eentre Ungheni \u0219i Orhei\"><img loading=\"lazy\" decoding=\"async\" width=\"292\" height=\"185\" src=\"https:\/\/civisinvest.org\/wp-content\/uploads\/2025\/11\/FB_IMG_1763451010248-300x225.jpg\" class=\"attachment-medium size-medium wp-post-image\" alt=\"\" sizes=\"(max-width: 292px) 100vw, 292px\" title=\"\u00cent\u00e2lnire de schimb de bune practici \u00eentre Ungheni \u0219i Orhei\" srcset=\"https:\/\/civisinvest.org\/wp-content\/uploads\/2025\/11\/FB_IMG_1763451010248-300x225.jpg 300w, https:\/\/civisinvest.org\/wp-content\/uploads\/2025\/11\/FB_IMG_1763451010248-1024x768.jpg 1024w, https:\/\/civisinvest.org\/wp-content\/uploads\/2025\/11\/FB_IMG_1763451010248-768x576.jpg 768w, https:\/\/civisinvest.org\/wp-content\/uploads\/2025\/11\/FB_IMG_1763451010248-1536x1152.jpg 1536w, https:\/\/civisinvest.org\/wp-content\/uploads\/2025\/11\/FB_IMG_1763451010248-450x338.jpg 450w, https:\/\/civisinvest.org\/wp-content\/uploads\/2025\/11\/FB_IMG_1763451010248-1200x900.jpg 1200w, https:\/\/civisinvest.org\/wp-content\/uploads\/2025\/11\/FB_IMG_1763451010248.jpg 2048w\" \/><\/a>\t\t\t\n\t\t\t\n\t\t\t\n\t\t\t\n\t\t\n\t\t<\/div>\n\t\n\n\t\n\t\t<div class=\"content\">\n\n\t\t\t<div class=\"post-meta post-meta-a\"><div class=\"post-meta-items meta-above\"><span class=\"meta-item post-cat\">\n\t\t\t\t\t\t\n\t\t\t\t\t\t<a href=\"https:\/\/civisinvest.org\/?cat=46\" class=\"category term-color-46\" rel=\"category\">Noutati<\/a>\n\t\t\t\t\t<\/span>\n\t\t\t\t\t<span class=\"meta-item date\"><span class=\"date-link\"><time class=\"post-date\" datetime=\"2025-10-23T10:13:48+00:00\">octombrie 23, 2025<\/time><\/span><\/span><\/div><h2 class=\"is-title post-title\"><a href=\"https:\/\/civisinvest.org\/?p=7337\">\u00cent\u00e2lnire de schimb de bune practici \u00eentre Ungheni \u0219i Orhei<\/a><\/h2><\/div>\t\t\t\n\t\t\t\t\t\t\n\t\t\t\t<div class=\"excerpt\">\n\t\t\t\t\t<p>Schimb de bune practici la Ungheni! AO \u201eInova\u021bii Sociale\u201d din Ungheni a g\u0103zduit o vizit\u0103 a colegilor de la AO \u201eCivis Invest\u201d din Orhei \u2014 o \u00eent\u00e2lnire de \u00eenv\u0103\u021bare \u0219i colaborare organizat\u0103 cu sprijinul People in Need Moldova. Scopul activit\u0103\u021bii: \u2022 Consolidarea capacit\u0103\u021bilor organiza\u021bionale; \u2022 Dezvoltarea parteneriatelor durabile \u00eentre Ungheni&hellip;<\/p>\n\t\t\t\t<\/div>\n\t\t\t\n\t\t\t\n\t\t\t\n\t\t<\/div>\n\n\t\n<\/article>\n\t\t\t\t\n\t\t\t\n<article class=\"l-post list-post list-post-on-sm m-pos-left\">\n\n\t\n\t\t\t<div class=\"media\">\n\n\t\t\n\t\t\t<a href=\"https:\/\/civisinvest.org\/?p=7335\" class=\"image-link media-ratio ratio-is-custom\" title=\"Conexiuni \u0219i Exprimare: Arta Povestirii \u00een Comunitatea Rom\u0103\"><img loading=\"lazy\" decoding=\"async\" width=\"292\" height=\"185\" src=\"https:\/\/civisinvest.org\/wp-content\/uploads\/2025\/11\/FB_IMG_1763451279847-300x225.jpg\" class=\"attachment-medium size-medium wp-post-image\" alt=\"\" sizes=\"(max-width: 292px) 100vw, 292px\" title=\"Conexiuni \u0219i Exprimare: Arta Povestirii \u00een Comunitatea Rom\u0103\" srcset=\"https:\/\/civisinvest.org\/wp-content\/uploads\/2025\/11\/FB_IMG_1763451279847-300x225.jpg 300w, https:\/\/civisinvest.org\/wp-content\/uploads\/2025\/11\/FB_IMG_1763451279847-1024x768.jpg 1024w, https:\/\/civisinvest.org\/wp-content\/uploads\/2025\/11\/FB_IMG_1763451279847-768x576.jpg 768w, https:\/\/civisinvest.org\/wp-content\/uploads\/2025\/11\/FB_IMG_1763451279847-450x338.jpg 450w, https:\/\/civisinvest.org\/wp-content\/uploads\/2025\/11\/FB_IMG_1763451279847-1200x900.jpg 1200w, https:\/\/civisinvest.org\/wp-content\/uploads\/2025\/11\/FB_IMG_1763451279847.jpg 1280w\" \/><\/a>\t\t\t\n\t\t\t\n\t\t\t\n\t\t\t\n\t\t\n\t\t<\/div>\n\t\n\n\t\n\t\t<div class=\"content\">\n\n\t\t\t<div class=\"post-meta post-meta-a\"><div class=\"post-meta-items meta-above\"><span class=\"meta-item post-cat\">\n\t\t\t\t\t\t\n\t\t\t\t\t\t<a href=\"https:\/\/civisinvest.org\/?cat=46\" class=\"category term-color-46\" rel=\"category\">Noutati<\/a>\n\t\t\t\t\t<\/span>\n\t\t\t\t\t<span class=\"meta-item date\"><span class=\"date-link\"><time class=\"post-date\" datetime=\"2025-10-20T21:02:18+00:00\">octombrie 20, 2025<\/time><\/span><\/span><\/div><h2 class=\"is-title post-title\"><a href=\"https:\/\/civisinvest.org\/?p=7335\">Conexiuni \u0219i Exprimare: Arta Povestirii \u00een Comunitatea Rom\u0103<\/a><\/h2><\/div>\t\t\t\n\t\t\t\t\t\t\n\t\t\t\t<div class=\"excerpt\">\n\t\t\t\t\t<p>\u00a0 Identitate \u0219i Ini\u021biativ\u0103: Empowerment pentru Femeile Rome Ast\u0103zi am organizat un atelier unde peste 25 de participante s-au reunit pentru a \u00eenv\u0103\u021ba ce \u00eenseamn\u0103 storytelling-ul ca instrument de exprimare personal\u0103 \u0219i social\u0103, \u0219i cum arta narativ\u0103 poate deveni o form\u0103 de activism \u0219i afirmare. Atelierul a fost un spa\u021biu&hellip;<\/p>\n\t\t\t\t<\/div>\n\t\t\t\n\t\t\t\n\t\t\t\n\t\t<\/div>\n\n\t\n<\/article>\n\t\t\n\t<\/div>\n\n\t\n\n\t<nav class=\"main-pagination pagination-numbers\" data-type=\"numbers-ajax\">\n\t\t<span aria-current=\"page\" class=\"page-numbers current\">1<\/span>\n<a class=\"page-numbers\" href=\"https:\/\/civisinvest.org\/index.php\/wp\/v2\/pages\/9045\/?paged=2&#038;rest_route\">2<\/a>\n<a class=\"page-numbers\" href=\"https:\/\/civisinvest.org\/index.php\/wp\/v2\/pages\/9045\/?paged=3&#038;rest_route\">3<\/a>\n<span class=\"page-numbers dots\">&hellip;<\/span>\n<a class=\"page-numbers\" href=\"https:\/\/civisinvest.org\/index.php\/wp\/v2\/pages\/9045\/?paged=6&#038;rest_route\">6<\/a>\n<a class=\"next page-numbers\" href=\"https:\/\/civisinvest.org\/index.php\/wp\/v2\/pages\/9045\/?paged=2&#038;rest_route\"><span class=\"visuallyhidden\">Next<\/span><i class=\"tsi tsi-angle-right\"><\/i><\/a>\t<\/nav>\n\n\n\t\t\t\t<\/div>\n\n\t\t<\/section>\n\t\t\t\t\t\t<\/div>\n\t\t\t\t<\/div>\n\t\t\t\t\t<\/div>\n\t\t<\/div>\n\t\t\t\t\t<\/div>\n\t\t<\/section>\n\t\t\t\t<\/div>\n\t\t","protected":false},"excerpt":{"rendered":"<p>Ongoing Projects Noutati martie 19, 2026 \u00cempreun\u0103 pentru o societate civil\u0103 rezilient\u0103 Suntem onora\u021bi c\u0103 am f\u0103cut parte din proiectul \u201eRezilien\u021ba societ\u0103\u021bii civile \u00een \u021b\u0103rile Parteneriatului Estic\u201d. Mul\u021bumim echipei People in Need Moldova \u0219i partenerilor pentru implicare. Noutati decembrie 24, 2025 A.O. CIVIS INVEST a donat 10 calculatoare Gimnaziului \u201eGrigore Vieru\u201d din Orhei A.O. CIVIS<\/p>\n","protected":false},"author":1,"featured_media":0,"parent":0,"menu_order":0,"comment_status":"closed","ping_status":"closed","template":"page-templates\/no-wrapper.php","meta":{"footnotes":""},"class_list":["post-9045","page","type-page","status-publish"],"_links":{"self":[{"href":"https:\/\/civisinvest.org\/index.php?rest_route=\/wp\/v2\/pages\/9045","targetHints":{"allow":["GET"]}}],"collection":[{"href":"https:\/\/civisinvest.org\/index.php?rest_route=\/wp\/v2\/pages"}],"about":[{"href":"https:\/\/civisinvest.org\/index.php?rest_route=\/wp\/v2\/types\/page"}],"author":[{"embeddable":true,"href":"https:\/\/civisinvest.org\/index.php?rest_route=\/wp\/v2\/users\/1"}],"replies":[{"embeddable":true,"href":"https:\/\/civisinvest.org\/index.php?rest_route=%2Fwp%2Fv2%2Fcomments&post=9045"}],"version-history":[{"count":1,"href":"https:\/\/civisinvest.org\/index.php?rest_route=\/wp\/v2\/pages\/9045\/revisions"}],"predecessor-version":[{"id":9046,"href":"https:\/\/civisinvest.org\/index.php?rest_route=\/wp\/v2\/pages\/9045\/revisions\/9046"}],"wp:attachment":[{"href":"https:\/\/civisinvest.org\/index.php?rest_route=%2Fwp%2Fv2%2Fmedia&parent=9045"}],"curies":[{"name":"wp","href":"https:\/\/api.w.org\/{rel}","templated":true}]}}